{"id":1052,"date":"2025-04-29T20:57:42","date_gmt":"2025-04-29T18:57:42","guid":{"rendered":"https:\/\/mogenstanketank.dk\/?page_id=1052"},"modified":"2025-09-19T12:13:51","modified_gmt":"2025-09-19T10:13:51","slug":"enhedslisten-i-slagelse","status":"publish","type":"page","link":"https:\/\/mogenstanketank.dk\/?page_id=1052","title":{"rendered":"Enhedslisten i Slagelse"},"content":{"rendered":"<p><strong>Kandidatlisten til kommunalvalget 18. november 2025:<\/strong><\/p>\n<p><span style=\"font-family: Times New Roman, serif;\"><span style=\"font-size: large;\">1. Thomas Clausen, 69 \u00e5r, Boeslunde, byr\u00e5dsmedlem<\/span><\/span><\/p>\n<p><span style=\"font-family: Times New Roman, serif;\"><span style=\"font-size: large;\">2. Mads Kofoed, Kors\u00f8r, 65 \u00e5r, maskinarbejder<\/span><\/span><\/p>\n<p><span style=\"font-family: Times New Roman, serif;\"><span style=\"font-size: large;\">3. Sara Mrsa, Slagelse, 20 \u00e5r, studerende<\/span><\/span><\/p>\n<p><span style=\"font-family: Times New Roman, serif;\"><span style=\"font-size: large;\">4. Henrik Kj\u00e6r, Om\u00f8, 65 \u00e5r, efterl\u00f8nner<\/span><\/span><\/p>\n<p><span style=\"font-family: Times New Roman, serif;\"><span style=\"font-size: large;\">5. Annette Sch\u00f8t, Slagelse, 69 \u00e5r, pensionist<\/span><\/span><\/p>\n<p><span style=\"font-family: Times New Roman, serif;\"><span style=\"font-size: large;\">6. Noah Myhre, Slagelse, 21 \u00e5r, bartender<\/span><\/span><\/p>\n<p><span style=\"font-family: Times New Roman, serif;\"><span style=\"font-size: large;\">7. Johnny Gregersen, 75 \u00e5r, Sk\u00e6lsk\u00f8r, pensionist og medlem af \u00c6ldrer\u00e5det<\/span><\/span><\/p>\n<p><span style=\"font-family: Times New Roman, serif;\"><span style=\"font-size: large;\">8. Mogens B\u00e6rendtsen, 83 \u00e5r, Kors\u00f8r, pensionist<\/span><\/span><\/p>\n<p><span style=\"font-family: Times New Roman, serif;\"><span style=\"font-size: large;\">9. Selene Ravn, 31 \u00e5r, Kors\u00f8r, datalog<\/span><\/span><\/p>\n<p><span style=\"font-family: Times New Roman, serif;\"><span style=\"font-size: large;\">10. Yasmin El-Jaji, 18 \u00e5r, Slagelse, gymnasieelev<\/span><\/span><\/p>\n<p>&nbsp;<\/p>\n<p>Opstilling Regionsr\u00e5dsvalget: Helena Hedegaard Udsen<\/p>\n<p>Enhedslisten Slagelses Video fra 2021. Den g\u00e5r lige ind til benet. Med f\u00e5 uger til kommunalvalget skal vi igen fort\u00e6lle hvad vi vil. Nogle af kandidaterne er desv\u00e6rre g\u00e5et bort. Andre genopstillier ikke af andre grunde.<\/p>\n<blockquote class=\"wp-embedded-content\" data-secret=\"Zmw1z9lgLi\"><p><a href=\"https:\/\/www.kommunalvalgslagelse.dk\/valgvideo\/\">Valgvideo<\/a><\/p><\/blockquote>\n<p><iframe loading=\"lazy\" class=\"wp-embedded-content\" sandbox=\"allow-scripts\" security=\"restricted\" style=\"position: absolute; visibility: hidden;\" title=\"&#8220;Valgvideo&#8221; &#8212; Kommunalvalg i Slagelse\" src=\"https:\/\/www.kommunalvalgslagelse.dk\/valgvideo\/embed\/#?secret=Zmw1z9lgLi\" data-secret=\"Zmw1z9lgLi\" width=\"580\" height=\"327\" frameborder=\"0\" marginwidth=\"0\" marginheight=\"0\" scrolling=\"no\"><\/iframe><\/p>\n","protected":false},"excerpt":{"rendered":"<p>Kandidatlisten til kommunalvalget 18. november 2025: 1. Thomas Clausen, 69 \u00e5r, Boeslunde, byr\u00e5dsmedlem 2. Mads Kofoed, Kors\u00f8r, 65 \u00e5r, maskinarbejder 3. Sara Mrsa, Slagelse, 20 \u00e5r, studerende 4. Henrik Kj\u00e6r, Om\u00f8, 65 \u00e5r, efterl\u00f8nner 5. Annette Sch\u00f8t, Slagelse, 69 \u00e5r, pensionist 6. Noah Myhre, Slagelse, 21 \u00e5r, bartender 7. Johnny Gregersen, 75 \u00e5r, Sk\u00e6lsk\u00f8r, pensionist [&hellip;]<\/p>\n","protected":false},"author":1,"featured_media":0,"parent":0,"menu_order":0,"comment_status":"closed","ping_status":"closed","template":"","meta":{"footnotes":""},"class_list":["post-1052","page","type-page","status-publish","hentry"],"_links":{"self":[{"href":"https:\/\/mogenstanketank.dk\/index.php?rest_route=\/wp\/v2\/pages\/1052","targetHints":{"allow":["GET"]}}],"collection":[{"href":"https:\/\/mogenstanketank.dk\/index.php?rest_route=\/wp\/v2\/pages"}],"about":[{"href":"https:\/\/mogenstanketank.dk\/index.php?rest_route=\/wp\/v2\/types\/page"}],"author":[{"embeddable":true,"href":"https:\/\/mogenstanketank.dk\/index.php?rest_route=\/wp\/v2\/users\/1"}],"replies":[{"embeddable":true,"href":"https:\/\/mogenstanketank.dk\/index.php?rest_route=%2Fwp%2Fv2%2Fcomments&post=1052"}],"version-history":[{"count":10,"href":"https:\/\/mogenstanketank.dk\/index.php?rest_route=\/wp\/v2\/pages\/1052\/revisions"}],"predecessor-version":[{"id":1104,"href":"https:\/\/mogenstanketank.dk\/index.php?rest_route=\/wp\/v2\/pages\/1052\/revisions\/1104"}],"wp:attachment":[{"href":"https:\/\/mogenstanketank.dk\/index.php?rest_route=%2Fwp%2Fv2%2Fmedia&parent=1052"}],"curies":[{"name":"wp","href":"https:\/\/api.w.org\/{rel}","templated":true}]}}